{"id":963,"date":"2023-12-14T04:40:44","date_gmt":"2023-12-14T04:40:44","guid":{"rendered":"https:\/\/qualipro.vn\/?page_id=963"},"modified":"2024-10-29T04:14:10","modified_gmt":"2024-10-29T04:14:10","slug":"gioi-thieu-qualipro","status":"publish","type":"page","link":"https:\/\/qualipro.vn\/?page_id=963","title":{"rendered":"Gi\u1edbi thi\u1ec7u QualiPro"},"content":{"rendered":"\t\t<div data-elementor-type=\"wp-page\" data-elementor-id=\"963\" class=\"elementor elementor-963\">\n\t\t\t\t\t\t\t\t\t<section class=\"penci-section penci-disSticky penci-structure-20 elementor-section elementor-top-section elementor-element elementor-element-377a8e5 elementor-section-boxed elementor-section-height-default elementor-section-height-default\" data-id=\"377a8e5\" data-element_type=\"section\">\n\t\t\t\t\t\t<div class=\"elementor-container elementor-column-gap-default\">\n\t\t\t\t\t<div class=\"penci-ercol-50 penci-ercol-order-1 penci-sticky-ct    elementor-column elementor-col-50 elementor-top-column elementor-element elementor-element-b6ef384\" data-id=\"b6ef384\" data-element_type=\"column\">\n\t\t\t<div class=\"elementor-widget-wrap elementor-element-populated\">\n\t\t\t\t\t\t\t\t<div class=\"elementor-element elementor-element-0a3b159 elementor-widget elementor-widget-penci-text-block\" data-id=\"0a3b159\" data-element_type=\"widget\" data-widget_type=\"penci-text-block.default\">\n\t\t\t\t<div class=\"elementor-widget-container\">\n\t\t\t\t\t<div class=\"penci-block-vc penci-text-editor\">\r\n\t\t\t        <div class=\"penci-border-arrow penci-homepage-title penci-home-latest-posts style-9 pcalign-left pciconp-right pcicon-right block-title-icon-left\">\r\n            <h3 class=\"inner-arrow\">\r\n                <span>\r\n                    <span>T\u1ed5ng quan v\u1ec1 c\u00f4ng ty<\/a>                <\/span>\r\n            <\/h3>\r\n\t\t\t        <\/div>\r\n\t\t\t\t\t<div class=\"penci-block_content\">\r\n\t\t\t\t<div class=\"elementor-text-editor elementor-clearfix\"><p style=\"line-height: inherit; text-align: start; font-family: Roboto, sans-serif; color: #7a7a7a;\"><span style=\"font-family: arial, helvetica, sans-serif; color: #000000;\">\u0110\u01b0\u1ee3c th\u00e0nh l\u1eadp v\u00e0o th\u00e1ng 9 n\u0103m 2004 t\u1ea1i H\u00e0 N\u1ed9i b\u1edfi m\u1ed9t nh\u00f3m chuy\u00ean gia d\u00e0y d\u1eb7n kinh nghi\u1ec7m v\u00e0 qu\u1ea3n l\u00fd trong c\u00e1c d\u1ef1 \u00e1n x\u00e2y d\u1ef1ng, m\u1ee5c ti\u00eau c\u1ee7a QualiPro l\u00e0 tr\u1edf th\u00e0nh l\u00e1 c\u1edd \u0111\u1ea7u trong l\u0129nh v\u1ef1c qu\u1ea3n l\u00fd d\u1ef1 \u00e1n v\u00e0 x\u00e2y d\u1ef1ng t\u1ea1i Vi\u1ec7t Nam<\/span><\/p><p style=\"line-height: inherit; text-align: start; font-family: Roboto, sans-serif; color: #7a7a7a;\"><span style=\"font-family: arial, helvetica, sans-serif; color: #000000;\">V\u1edbi m\u1ed9t \u0111\u1ed9i ng\u0169 nh\u00e2n vi\u00ean chuy\u00ean nghi\u1ec7p, am hi\u1ec3u s\u00e2u s\u1eafc t\u00ecnh h\u00ecnh \u0111\u1ecba ph\u01b0\u01a1ng v\u00e0 \u0111\u1ea1t ti\u00eau chu\u1ea9n qu\u1ed1c t\u1ebf, ch\u00fang t\u00f4i \u0111\u1eb7t tr\u1ecdng t\u00e2m cung c\u1ea5p c\u00e1c d\u1ecbch v\u1ee5 ch\u1ea5t l\u01b0\u1ee3ng cao cho c\u00e1c nh\u00e0 \u0111\u1ea7u t\u01b0 n\u01b0\u1edbc ngo\u00e0i t\u1ea1i Vi\u1ec7t Nam<\/span><\/p><p><span style=\"font-family: arial, helvetica, sans-serif; color: #000000;\">S\u1ee9 m\u1ec7nh c\u1ee7a ch\u00fang t\u00f4i l\u00e0 cung c\u1ea5p c\u00e1c d\u1ecbch v\u1ee5 \u0111\u1ea1t ch\u1ea5t l\u01b0\u1ee3ng qu\u1ed1c t\u1ebf trong l\u0129nh v\u1ef1c thi c\u00f4ng v\u00e0 qu\u1ea3n l\u00fd c\u00e1c d\u1ef1 \u00e1n x\u00e2y d\u1ef1ng<\/span><\/p><\/div>\r\n\t\t\t<\/div>\r\n\t\t<\/div>\r\n\t\t\t\t<\/div>\n\t\t\t\t<\/div>\n\t\t\t\t\t<\/div>\n\t\t<\/div>\n\t\t\t\t<div class=\"penci-ercol-50 penci-ercol-order-2 penci-sticky-ct    elementor-column elementor-col-50 elementor-top-column elementor-element elementor-element-528655e\" data-id=\"528655e\" data-element_type=\"column\">\n\t\t\t<div class=\"elementor-widget-wrap elementor-element-populated\">\n\t\t\t\t\t\t\t\t<div class=\"elementor-element elementor-element-0a6b94e elementor-widget elementor-widget-image\" data-id=\"0a6b94e\" data-element_type=\"widget\" data-widget_type=\"image.default\">\n\t\t\t\t<div class=\"elementor-widget-container\">\n\t\t\t<style>\/*! elementor - v3.11.2 - 22-02-2023 *\/\n.elementor-widget-image{text-align:center}.elementor-widget-image a{display:inline-block}.elementor-widget-image a img[src$=\".svg\"]{width:48px}.elementor-widget-image img{vertical-align:middle;display:inline-block}<\/style>\t\t\t\t\t\t\t\t\t\t\t\t<img decoding=\"async\" width=\"585\" height=\"390\" src=\"https:\/\/qualipro.vn\/wp-content\/uploads\/2023\/03\/anhtapthe-585x390.jpeg\" class=\"attachment-penci-thumb size-penci-thumb wp-image-337\" alt=\"\" srcset=\"https:\/\/qualipro.vn\/wp-content\/uploads\/2023\/03\/anhtapthe-585x390.jpeg 585w, https:\/\/qualipro.vn\/wp-content\/uploads\/2023\/03\/anhtapthe-263x175.jpeg 263w\" sizes=\"(max-width: 585px) 100vw, 585px\" \/>\t\t\t\t\t\t\t\t\t\t\t\t\t\t\t<\/div>\n\t\t\t\t<\/div>\n\t\t\t\t\t<\/div>\n\t\t<\/div>\n\t\t\t\t\t\t\t<\/div>\n\t\t<\/section>\n\t\t\t\t<section class=\"penci-section penci-disSticky penci-structure-10 elementor-section elementor-top-section elementor-element elementor-element-d0c499f elementor-section-boxed elementor-section-height-default elementor-section-height-default\" data-id=\"d0c499f\" data-element_type=\"section\" id=\"corevalue\">\n\t\t\t\t\t\t<div class=\"elementor-container elementor-column-gap-default\">\n\t\t\t\t\t<div class=\"penci-ercol-100 penci-ercol-order-1 penci-sticky-ct    elementor-column elementor-col-100 elementor-top-column elementor-element elementor-element-4474f9f\" data-id=\"4474f9f\" data-element_type=\"column\">\n\t\t\t<div class=\"elementor-widget-wrap elementor-element-populated\">\n\t\t\t\t\t\t\t\t<div class=\"elementor-element elementor-element-4307109 elementor-widget elementor-widget-penci-text-block\" data-id=\"4307109\" data-element_type=\"widget\" data-widget_type=\"penci-text-block.default\">\n\t\t\t\t<div class=\"elementor-widget-container\">\n\t\t\t\t\t<div class=\"penci-block-vc penci-text-editor\">\r\n\t\t\t        <div class=\"penci-border-arrow penci-homepage-title penci-home-latest-posts style-9 pcalign-left pciconp-right pcicon-right block-title-icon-left\">\r\n            <h3 class=\"inner-arrow\">\r\n                <span>\r\n                    <span>T\u1ea7m nh\u00ecn<\/a>                <\/span>\r\n            <\/h3>\r\n\t\t\t        <\/div>\r\n\t\t\t\t\t<div class=\"penci-block_content\">\r\n\t\t\t\t<div class=\"elementor-text-editor elementor-clearfix\"><p><span style=\"color: #000000; font-family: arial, helvetica, sans-serif; font-size: 12pt;\">Tr\u1edf th\u00e0nh nh\u00e0 th\u1ea7u x\u00e2y d\u1ef1ng c\u00f3 \u0111\u1eb3ng c\u1ea5p qu\u1ed1c t\u1ebf v\u00e0 l\u00e0 \u0111\u1ed1i t\u00e1c tin c\u1eady trong x\u00e2y d\u1ef1ng v\u00e0 kinh doanh t\u1ea1i Vi\u1ec7t Nam v\u00e0 h\u1ea3i ngo\u1ea1i.<\/span><\/p><p><span style=\"color: #000000; font-family: arial, helvetica, sans-serif; font-size: 12pt;\">T\u1ea7m nh\u00ecn c\u1ee7a ch\u00fang t\u00f4i kh\u00f4ng ch\u1ec9 \u0111\u01a1n gi\u1ea3n l\u00e0 vi\u1ec7c x\u00e2y d\u1ef1ng c\u00f4ng tr\u00ecnh, m\u00e0 c\u00f2n l\u00e0 s\u1ee9 m\u1ec7nh t\u1ea1o n\u00ean nh\u1eefng kh\u00f4ng gian s\u1ed1ng v\u00e0 l\u00e0m vi\u1ec7c \u0111\u00fang ngh\u0129a, n\u01a1i m\u00e0 m\u1ed7i c\u00f4ng tr\u00ecnh kh\u00f4ng ch\u1ec9 l\u00e0 s\u1ef1 k\u1ebft h\u1ee3p c\u1ee7a v\u1eadt li\u1ec7u v\u00e0 k\u1ef9 thu\u1eadt, m\u00e0 c\u00f2n l\u00e0 bi\u1ec3u t\u01b0\u1ee3ng c\u1ee7a s\u1ef1 s\u00e1ng t\u1ea1o v\u00e0 t\u00e2m huy\u1ebft.<\/span><\/p><\/div>\r\n\t\t\t<\/div>\r\n\t\t<\/div>\r\n\t\t\t\t<\/div>\n\t\t\t\t<\/div>\n\t\t\t\t\t<\/div>\n\t\t<\/div>\n\t\t\t\t\t\t\t<\/div>\n\t\t<\/section>\n\t\t\t\t<section class=\"penci-section penci-disSticky penci-structure-10 elementor-section elementor-top-section elementor-element elementor-element-3226e05 elementor-section-boxed elementor-section-height-default elementor-section-height-default\" data-id=\"3226e05\" data-element_type=\"section\">\n\t\t\t\t\t\t<div class=\"elementor-container elementor-column-gap-default\">\n\t\t\t\t\t<div class=\"penci-ercol-100 penci-ercol-order-1 penci-sticky-ct    elementor-column elementor-col-100 elementor-top-column elementor-element elementor-element-e99bec6\" data-id=\"e99bec6\" data-element_type=\"column\">\n\t\t\t<div class=\"elementor-widget-wrap elementor-element-populated\">\n\t\t\t\t\t\t\t\t<div class=\"elementor-element elementor-element-f225fc5 elementor-widget elementor-widget-penci-text-block\" data-id=\"f225fc5\" data-element_type=\"widget\" data-widget_type=\"penci-text-block.default\">\n\t\t\t\t<div class=\"elementor-widget-container\">\n\t\t\t\t\t<div class=\"penci-block-vc penci-text-editor\">\r\n\t\t\t        <div class=\"penci-border-arrow penci-homepage-title penci-home-latest-posts style-9 pcalign-left pciconp-right pcicon-right block-title-icon-left\">\r\n            <h3 class=\"inner-arrow\">\r\n                <span>\r\n                    <span>S\u1ee9 m\u1ec7nh<\/a>                <\/span>\r\n            <\/h3>\r\n\t\t\t        <\/div>\r\n\t\t\t\t\t<div class=\"penci-block_content\">\r\n\t\t\t\t<div class=\"elementor-text-editor elementor-clearfix\"><p><span style=\"font-family: arial, helvetica, sans-serif; color: #000000; font-size: 12pt;\">Cung c\u1ea5p c\u00e1c d\u1ecbch v\u1ee5 theo ti\u00eau chu\u1ea9n qu\u1ed1c t\u1ebf t\u1ea1i c\u00e1c d\u1ef1 \u00e1n x\u00e2y d\u1ef1ng v\u00e0 kinh doanh;<\/span><\/p><p><span style=\"font-family: arial, helvetica, sans-serif; color: #000000; font-size: 12pt;\">Ch\u00fang t\u00f4i lu\u00f4n h\u01b0\u1edbng t\u1edbi vi\u1ec7c h\u1ee3p t\u00e1c v\u1edbi c\u00e1c ch\u1ee7 \u0111\u1ea7u t\u01b0 trong n\u01b0\u1edbc v\u00e0 qu\u1ed1c t\u1ebf \u0111\u1ec3 tri\u1ec3n khai c\u00e1c d\u1ef1 \u00e1n x\u00e2y d\u1ef1ng; nh\u1eefng n\u01a1i m\u00e0 kinh nghi\u1ec7m to\u00e0n c\u1ea7u k\u1ebft h\u1ee3p v\u1edbi s\u1ef1 hi\u1ec3u bi\u1ebft c\u1eb7n k\u1ef9 t\u00ecnh h\u00ecnh \u0111\u1ecba ph\u01b0\u01a1ng c\u1ee7a QualiPro s\u1ebd \u0111em l\u1ea1i k\u1ebft qu\u1ea3 t\u1ed1t \u0111\u1eb9p nh\u1ea5t cho kh\u00e1ch h\u00e0ng;<\/span><\/p><p><span style=\"font-family: arial, helvetica, sans-serif; color: #000000; font-size: 12pt;\">Ch\u00fang t\u00f4i \u0111\u00e1nh gi\u00e1 s\u1ef1 th\u00e0nh c\u00f4ng d\u1ef1a tr\u00ean c\u01a1 s\u1edf th\u00e0nh c\u00f4ng c\u1ee7a kh\u00e1ch h\u00e0ng v\u00e0 c\u00e1c \u0111\u1ed1i t\u00e1c li\u00ean quan. S\u1ef1 th\u00e0nh c\u00f4ng \u0111\u00f3 t\u1ea5t y\u1ebfu ph\u1ea3i d\u1ef1a tr\u00ean c\u00e1c y\u1ebfu t\u1ed1 v\u1ec1 ch\u1ea5t l\u01b0\u1ee3ng cao (d\u1ecbch v\u1ee5 v\u1edbi chu\u1ea9n m\u1ef1c qu\u1ed1c t\u1ebf), t\u00ednh an to\u00e0n t\u1ea1i c\u00f4ng tr\u01b0\u1eddng, gi\u00e1 th\u00e0nh h\u1ee3p l\u00fd v\u00e0 c\u00e1c gi\u1ea3i ph\u00e1p v\u1edbi ti\u1ebfn \u0111\u1ed9 th\u00edch h\u1ee3p.<\/span><\/p><\/div>\r\n\t\t\t<\/div>\r\n\t\t<\/div>\r\n\t\t\t\t<\/div>\n\t\t\t\t<\/div>\n\t\t\t\t\t<\/div>\n\t\t<\/div>\n\t\t\t\t\t\t\t<\/div>\n\t\t<\/section>\n\t\t\t\t<section class=\"penci-section penci-disSticky penci-structure-10 elementor-section elementor-top-section elementor-element elementor-element-d2eedf6 elementor-section-boxed elementor-section-height-default elementor-section-height-default\" data-id=\"d2eedf6\" data-element_type=\"section\">\n\t\t\t\t\t\t<div class=\"elementor-container elementor-column-gap-default\">\n\t\t\t\t\t<div class=\"penci-ercol-100 penci-ercol-order-1 penci-sticky-ct    elementor-column elementor-col-100 elementor-top-column elementor-element elementor-element-557ceb8\" data-id=\"557ceb8\" data-element_type=\"column\">\n\t\t\t<div class=\"elementor-widget-wrap elementor-element-populated\">\n\t\t\t\t\t\t\t\t<div class=\"elementor-element elementor-element-fb2bdcf elementor-widget elementor-widget-penci-text-block\" data-id=\"fb2bdcf\" data-element_type=\"widget\" data-widget_type=\"penci-text-block.default\">\n\t\t\t\t<div class=\"elementor-widget-container\">\n\t\t\t\t\t<div class=\"penci-block-vc penci-text-editor\">\r\n\t\t\t        <div class=\"penci-border-arrow penci-homepage-title penci-home-latest-posts style-18 style-20 pcalign-left pciconp-right pcicon-right block-title-icon-left\">\r\n            <h3 class=\"inner-arrow\">\r\n                <span>\r\n                    <span>GI\u00c1 TR\u1eca C\u1ed0T L\u00d5I<\/a>                <\/span>\r\n            <\/h3>\r\n\t\t\t        <\/div>\r\n\t\t\t\t\t<div class=\"penci-block_content\">\r\n\t\t\t\t<div class=\"elementor-text-editor elementor-clearfix\"><p><span style=\"font-family: arial, helvetica, sans-serif; color: #000000; font-size: 12pt;\"><strong>S\u1ef0 T\u00d4N TR\u1eccNG:<\/strong> T\u00f4n tr\u1ecdng ch\u00ednh quy\u1ec1n v\u00e0 c\u1ed9ng \u0111\u1ed3ng, t\u00f4n tr\u1ecdng kh\u00e1ch h\u00e0ng v\u00e0 c\u1ed5 \u0111\u00f4ng, t\u00f4n tr\u1ecdng \u0111\u1ed1i t\u00e1c v\u00e0 ng\u01b0\u1eddi lao \u0111\u1ed9ng.<\/span><\/p><p><span style=\"font-family: arial, helvetica, sans-serif; color: #000000; font-size: 12pt;\"><strong>S\u1ef0 TIN C\u1eacY:<\/strong> T\u00ednh trung th\u1ef1c mang l\u1ea1i s\u1ef1 tin c\u1eady trong m\u1ecdi m\u1ed1i quan h\u1ec7, giao d\u1ecbch, v\u1edbi \u0111\u1ed3ng nghi\u1ec7p, kh\u00e1ch h\u00e0ng, \u0111\u1ed1i t\u00e1c.<\/span><\/p><p><span style=\"font-family: arial, helvetica, sans-serif; color: #000000; font-size: 12pt;\"><strong>L\u00c0M VI\u1ec6C NH\u00d3M:<\/strong> Th\u1ea5u hi\u1ec3u gi\u00e1 tr\u1ecb c\u1ee7a tinh th\u1ea7n l\u00e0m vi\u1ec7c nh\u00f3m lu\u00f4n mang l\u1ea1i th\u00e0nh c\u00f4ng. C\u00f9ng nhau h\u01b0\u1edbng \u0111\u1ebfn m\u1ee5c ti\u00eau chung.<\/span><\/p><p><span style=\"font-family: arial, helvetica, sans-serif; color: #000000; font-size: 12pt;\"><strong>AN TO\u00c0N:<\/strong> Cung c\u1ea5p m\u1ed9t n\u01a1i l\u00e0m vi\u1ec7c \u0111\u1ea3m b\u1ea3o an to\u00e0n cho t\u1ea5t c\u1ea3 c\u00e1c b\u00ean li\u00ean quan, khu v\u1ef1c l\u00e2n c\u1eadn v\u00e0 c\u00f3 tr\u00e1ch nhi\u1ec7m v\u1edbi c\u1ed9ng \u0111\u1ed3ng, m\u00f4i tr\u01b0\u1eddng. M\u1ecdi r\u1ee7i ro ti\u1ec1m \u1ea9n \u0111\u1ec1u c\u00f3 th\u1ec3 ng\u0103n ch\u1eb7n \u0111\u01b0\u1ee3c t\u1ea1i m\u1ed7i d\u1ef1 \u00e1n.<\/span><\/p><\/div>\r\n\t\t\t<\/div>\r\n\t\t<\/div>\r\n\t\t\t\t<\/div>\n\t\t\t\t<\/div>\n\t\t\t\t\t<\/div>\n\t\t<\/div>\n\t\t\t\t\t\t\t<\/div>\n\t\t<\/section>\n\t\t\t\t<section class=\"penci-section penci-disSticky penci-structure-10 elementor-section elementor-top-section elementor-element elementor-element-01a4706 elementor-section-boxed elementor-section-height-default elementor-section-height-default\" data-id=\"01a4706\" data-element_type=\"section\">\n\t\t\t\t\t\t<div class=\"elementor-container elementor-column-gap-default\">\n\t\t\t\t\t<div class=\"penci-ercol-100 penci-ercol-order-1 penci-sticky-ct    elementor-column elementor-col-100 elementor-top-column elementor-element elementor-element-d1b8a7b\" data-id=\"d1b8a7b\" data-element_type=\"column\">\n\t\t\t<div class=\"elementor-widget-wrap elementor-element-populated\">\n\t\t\t\t\t\t\t\t<div class=\"elementor-element elementor-element-e2f8973 elementor-widget elementor-widget-penci-team-member\" data-id=\"e2f8973\" data-element_type=\"widget\" id=\"nhansu\" data-widget_type=\"penci-team-member.default\">\n\t\t\t\t<div class=\"elementor-widget-container\">\n\t\t\t        <div class=\"penci-block-vc penci-teammb-bsc penci-teammb-s1 pencisc-grid-3 pencisc-grid-tablet-2 pencisc-grid-mobile-1 pcsc-shape-default pcsc-st-default\">\r\n\t\t\t        <div class=\"penci-border-arrow penci-homepage-title penci-home-latest-posts style-9 pcalign-left pciconp-right pcicon-right block-title-icon-left\">\r\n            <h3 class=\"inner-arrow\">\r\n                <span>\r\n                    <span>BAN GI\u00c1M \u0110\u1ed0C<\/a>                <\/span>\r\n            <\/h3>\r\n\t\t\t        <\/div>\r\n\t\t            <div class=\"penci-block_content pencisc-grid\">\r\n\t\t\t\t                    <div class=\"penci-teammb-item pencisc-grid-item\">\r\n                        <div class=\"penci-teammb-inner\">\r\n\t\t\t\t\t\t\t<span class=\"penci-image-holder penci-teammb-img penci-lazy\" data-bgset=\"https:\/\/qualipro.vn\/wp-content\/uploads\/2023\/03\/PhotoHung-585x827.jpg\"><\/span>                            <div class=\"penci-team_item__info\">\r\n\t\t\t\t\t\t\t\t\t\t\t\t\t\t\t\t                                    <h5 class=\"penci-team_member_name\">\u00d4ng Nguy\u1ec5n Th\u01b0\u1ee3ng Ho\u00e0ng H\u01b0ng<\/h5>\r\n\t\t\t\t\t\t\t\t\t\t\t\t\t\t\t\t                                    <div class=\"penci-team_member_pos\">Ch\u1ee7 T\u1ecbch H\u1ed9i \u0110\u1ed3ng Qu\u1ea3n Tr\u1ecb<\/div>\r\n\t\t\t\t\t\t\t\t\t\t\t\t\t\t\t\t                                    <div class=\"penci-team_member_desc\">ThS. Khoa h\u1ecdc Qu\u1ea3n l\u00fd D\u1ef1 \u00e1n - \n\u0110\u1ea1i h\u1ecdc George Washington, Washington DC, M\u1ef9<\/br>\nK\u1ef9 s\u01b0 x\u00e2y d\u1ef1ng - \n\u0110\u1ea1i h\u1ecdc X\u00e2y d\u1ef1ng H\u00e0 N\u1ed9i<\/br>\nTh\u00e0nh vi\u00ean t\u1ed5 ch\u1ee9c chuy\u00ean m\u00f4n: USGBC, PMI, FIDIC, VECAS, ASEAN Engineers<\/br>\nEmail: Hungnth@qualipro.vn<\/div>\r\n\t\t\t\t\t\t\t\t                                <div class=\"penci-team_member_socails penci-social-wrap\">\r\n\t\t\t\t\t\t\t\t\t\t\t\t\t\t\t\t\t\t\t\t\t\t\t\t\t\t\t\r\n\t\t\t\t\t\t\t\t\t\t\t\t\t\t\t\t\t\t\t\t\t\t\t\t\t\t\t\t\t\t\t\t\t\t\t\t\t\t\t\t\t\t\t\t\t\t\t\t\t\t\t\t\t\t                                <\/div>\r\n                            <\/div>\r\n                        <\/div>\r\n                    <\/div>\r\n\t\t\t\t\t                    <div class=\"penci-teammb-item pencisc-grid-item\">\r\n                        <div class=\"penci-teammb-inner\">\r\n\t\t\t\t\t\t\t<span class=\"penci-image-holder penci-teammb-img penci-lazy\" data-bgset=\"https:\/\/qualipro.vn\/wp-content\/uploads\/2023\/03\/PhotoLuc-585x827.jpg\"><\/span>                            <div class=\"penci-team_item__info\">\r\n\t\t\t\t\t\t\t\t\t\t\t\t\t\t\t\t                                    <h5 class=\"penci-team_member_name\">\u00d4ng L\u00ea Ch\u00ed L\u1ef1c<\/h5>\r\n\t\t\t\t\t\t\t\t\t\t\t\t\t\t\t\t                                    <div class=\"penci-team_member_pos\">Ph\u00f3 Ch\u1ee7 T\u1ecbch H\u0110QT - T\u1ed5ng Gi\u00e1m \u0110\u1ed1c<\/div>\r\n\t\t\t\t\t\t\t\t\t\t\t\t\t\t\t\t                                    <div class=\"penci-team_member_desc\">ThS Qu\u1ea3n tr\u1ecb Kinh doanh (MBA) - \n\u0110H Qu\u1ed1c Gia H\u00e0 N\u1ed9i, \n\u0110H California Miramar<\/br>\nK\u1ef9 s\u01b0 X\u00e2y d\u1ef1ng - \n\u0110H X\u00e2y d\u1ef1ng H\u00e0 N\u1ed9i<\/br>\nTh\u00e0nh vi\u00ean t\u1ed5 ch\u1ee9c: FIDIC, VECAS<\/br>\nEmail: Luclc@qualipro.vn<\/div>\r\n\t\t\t\t\t\t\t\t                                <div class=\"penci-team_member_socails penci-social-wrap\">\r\n\t\t\t\t\t\t\t\t\t\t\t\t\t\t\t\t\t\t\t\t\t\t\t\t\t\t\t\r\n\t\t\t\t\t\t\t\t\t\t\t\t\t\t\t\t\t\t\t\t\t\t\t\t\t\t\t\t\t\t\t\t\t\t\t\t\t\t\t\t\t\t\t\t\t\t\t\t\t\t\t\t\t\t                                <\/div>\r\n                            <\/div>\r\n                        <\/div>\r\n                    <\/div>\r\n\t\t\t\t\t                    <div class=\"penci-teammb-item pencisc-grid-item\">\r\n                        <div class=\"penci-teammb-inner\">\r\n\t\t\t\t\t\t\t<span class=\"penci-image-holder penci-teammb-img penci-lazy\" data-bgset=\"https:\/\/qualipro.vn\/wp-content\/uploads\/2024\/03\/Asset-2@2x.png\"><\/span>                            <div class=\"penci-team_item__info\">\r\n\t\t\t\t\t\t\t\t\t\t\t\t\t\t\t\t                                    <h5 class=\"penci-team_member_name\">\u00d4ngV\u0169 Ch\u00ed Ki\u00ean<\/h5>\r\n\t\t\t\t\t\t\t\t\t\t\t\t\t\t\t\t                                    <div class=\"penci-team_member_pos\">Ph\u00f3 T\u1ed5ng gi\u00e1m \u0111\u1ed1c<\/div>\r\n\t\t\t\t\t\t\t\t\t\t\t\t\t\t\t\t                                    <div class=\"penci-team_member_desc\">ThS. C\u00f4ng tr\u00ecnh giao th\u00f4ng - \n\u0110\u1ea1i h\u1ecdc Giao th\u00f4ng v\u1eadn t\u1ea3i H\u00e0 N\u1ed9i, \u0110\u1ea1i h\u1ecdc Graz C\u1ed9ng h\u00f2a \u00c1o\n<br\/>\nChuy\u00ean vi\u00ean h\u00e3ng TDV - \nC\u1ed9ng h\u00f2a \u00c1o\n<br\/>\nTh\u00e0nh vi\u00ean t\u1ed5 ch\u1ee9c: Asean Engineers.\n<br\/>\nEmail: kienvc@qualipro.vn<\/div>\r\n\t\t\t\t\t\t\t\t                                <div class=\"penci-team_member_socails penci-social-wrap\">\r\n\t\t\t\t\t\t\t\t\t\t\t\t\t\t\t\t\t\t\t\t\t\t\t\t\t\t\t\r\n\t\t\t\t\t\t\t\t\t\t\t\t\t\t\t\t\t\t\t\t\t\t\t\t\t\t\t\t\t\t\t\t\t\t\t\t\t\t\t\t\t\t\t\t\t\t\t\t\t\t\t\t\t\t                                <\/div>\r\n                            <\/div>\r\n                        <\/div>\r\n                    <\/div>\r\n\t\t\t\t\t                    <div class=\"penci-teammb-item pencisc-grid-item\">\r\n                        <div class=\"penci-teammb-inner\">\r\n\t\t\t\t\t\t\t<span class=\"penci-image-holder penci-teammb-img penci-lazy\" data-bgset=\"https:\/\/qualipro.vn\/wp-content\/uploads\/2023\/03\/Khoa-585x827.jpg\"><\/span>                            <div class=\"penci-team_item__info\">\r\n\t\t\t\t\t\t\t\t\t\t\t\t\t\t\t\t                                    <h5 class=\"penci-team_member_name\">\u00d4ng L\u00ea Ng\u1ecdc Khoa <\/h5>\r\n\t\t\t\t\t\t\t\t\t\t\t\t\t\t\t\t                                    <div class=\"penci-team_member_pos\">Ph\u00f3 T\u1ed5ng Gi\u00e1m \u0110\u1ed1c<\/div>\r\n\t\t\t\t\t\t\t\t\t\t\t\t\t\t\t\t                                    <div class=\"penci-team_member_desc\">K\u1ef9 s\u01b0 X\u00e2y d\u1ef1ng - \n\u0110\u1ea1i h\u1ecdc X\u00e2y d\u1ef1ng H\u00e0 N\u1ed9i<\/br>\nEmail: khoaln@qualipro.vn<\/div>\r\n\t\t\t\t\t\t\t\t                                <div class=\"penci-team_member_socails penci-social-wrap\">\r\n\t\t\t\t\t\t\t\t\t\t\t\t\t\t\t\t\t\t\t\t\t\t\t\t\t\t\t\r\n\t\t\t\t\t\t\t\t\t\t\t\t\t\t\t\t\t\t\t\t\t\t\t\t\t\t\t\t\t\t\t\t\t\t\t\t\t\t\t\t\t\t\t\t\t\t\t\t\t\t\t\t\t\t                                <\/div>\r\n                            <\/div>\r\n                        <\/div>\r\n                    <\/div>\r\n\t\t\t\t\t                    <div class=\"penci-teammb-item pencisc-grid-item\">\r\n                        <div class=\"penci-teammb-inner\">\r\n\t\t\t\t\t\t\t<span class=\"penci-image-holder penci-teammb-img penci-lazy\" data-bgset=\"https:\/\/qualipro.vn\/wp-content\/uploads\/2024\/03\/Asset-3@2x.png\"><\/span>                            <div class=\"penci-team_item__info\">\r\n\t\t\t\t\t\t\t\t\t\t\t\t\t\t\t\t                                    <h5 class=\"penci-team_member_name\">\u00d4ng B\u00f9i Thanh Nam <\/h5>\r\n\t\t\t\t\t\t\t\t\t\t\t\t\t\t\t\t                                    <div class=\"penci-team_member_pos\">Ph\u00f3 T\u1ed5ng Gi\u00e1m \u0110\u1ed1c<\/div>\r\n\t\t\t\t\t\t\t\t\t\t\t\t\t\t\t\t                                    <div class=\"penci-team_member_desc\">ThS. K\u1ef9 s\u01b0 H\u1ea1 t\u1ea7ng - \n\u0110\u1ea1i h\u1ecdc Giao th\u00f4ng V\u1eadn t\u1ea3i<\/br>\nK\u1ef9 s\u01b0 x\u00e2y d\u1ef1ng - \n\u0110\u1ea1i h\u1ecdc Giao th\u00f4ng V\u1eadn t\u1ea3i<\/br>\nEmail: nambt@qualipro.vn<\/div>\r\n\t\t\t\t\t\t\t\t                                <div class=\"penci-team_member_socails penci-social-wrap\">\r\n\t\t\t\t\t\t\t\t\t\t\t\t\t\t\t\t\t\t\t\t\t\t\t\t\t\t\t\r\n\t\t\t\t\t\t\t\t\t\t\t\t\t\t\t\t\t\t\t\t\t\t\t\t\t\t\t\t\t\t\t\t\t\t\t\t\t\t\t\t\t\t\t\t\t\t\t\t\t\t\t\t\t\t                                <\/div>\r\n                            <\/div>\r\n                        <\/div>\r\n                    <\/div>\r\n\t\t\t\t\t                    <div class=\"penci-teammb-item pencisc-grid-item\">\r\n                        <div class=\"penci-teammb-inner\">\r\n\t\t\t\t\t\t\t<span class=\"penci-image-holder penci-teammb-img penci-lazy\" data-bgset=\"https:\/\/qualipro.vn\/wp-content\/uploads\/2023\/03\/Ha-585x827.jpg\"><\/span>                            <div class=\"penci-team_item__info\">\r\n\t\t\t\t\t\t\t\t\t\t\t\t\t\t\t\t                                    <h5 class=\"penci-team_member_name\">B\u00e0 Nguy\u1ec5n Th\u1ecb Ph\u01b0\u01a1ng H\u00e0<\/h5>\r\n\t\t\t\t\t\t\t\t\t\t\t\t\t\t\t\t                                    <div class=\"penci-team_member_pos\">Gi\u00e1m \u0110\u1ed1c V\u0103n Ph\u00f2ng<\/div>\r\n\t\t\t\t\t\t\t\t\t\t\t\t\t\t\t\t                                    <div class=\"penci-team_member_desc\">C\u1eed nh\u00e2n ng\u00e0nh kinh doanh Logistics - \u0110\u1ea1i h\u1ecdc Ngo\u1ea1i th\u01b0\u01a1ng<\/br>\nEmail: hantp@qualipro.vn<\/div>\r\n\t\t\t\t\t\t\t\t                                <div class=\"penci-team_member_socails penci-social-wrap\">\r\n\t\t\t\t\t\t\t\t\t\t\t\t\t\t\t\t\t\t\t\t\t\t\t\t\t\t\t\r\n\t\t\t\t\t\t\t\t\t\t\t\t\t\t\t\t\t\t\t\t\t\t\t\t\t\t\t\t\t\t\t\t\t\t\t\t\t\t\t\t\t\t\t\t\t\t\t\t\t\t\t\t\t\t                                <\/div>\r\n                            <\/div>\r\n                        <\/div>\r\n                    <\/div>\r\n\t\t\t\t\t            <\/div>\r\n        <\/div>\r\n\t\t\t\t<\/div>\n\t\t\t\t<\/div>\n\t\t\t\t\t<\/div>\n\t\t<\/div>\n\t\t\t\t\t\t\t<\/div>\n\t\t<\/section>\n\t\t\t\t\t\t\t<\/div>\n\t\t","protected":false},"excerpt":{"rendered":"<p>T\u1ed5ng quan v\u1ec1 c\u00f4ng ty \u0110\u01b0\u1ee3c th\u00e0nh l\u1eadp v\u00e0o th\u00e1ng 9 n\u0103m 2004 t\u1ea1i H\u00e0 N\u1ed9i b\u1edfi m\u1ed9t nh\u00f3m chuy\u00ean gia d\u00e0y d\u1eb7n kinh nghi\u1ec7m v\u00e0 qu\u1ea3n l\u00fd trong c\u00e1c&hellip;<\/p>\n","protected":false},"author":1,"featured_media":0,"parent":0,"menu_order":0,"comment_status":"closed","ping_status":"closed","template":"","meta":{"footnotes":""},"class_list":["post-963","page","type-page","status-publish","hentry"],"lang":"vi","translations":{"vi":963,"en":400},"pll_sync_post":[],"_links":{"self":[{"href":"https:\/\/qualipro.vn\/index.php?rest_route=\/wp\/v2\/pages\/963","targetHints":{"allow":["GET"]}}],"collection":[{"href":"https:\/\/qualipro.vn\/index.php?rest_route=\/wp\/v2\/pages"}],"about":[{"href":"https:\/\/qualipro.vn\/index.php?rest_route=\/wp\/v2\/types\/page"}],"author":[{"embeddable":true,"href":"https:\/\/qualipro.vn\/index.php?rest_route=\/wp\/v2\/users\/1"}],"replies":[{"embeddable":true,"href":"https:\/\/qualipro.vn\/index.php?rest_route=%2Fwp%2Fv2%2Fcomments&post=963"}],"version-history":[{"count":85,"href":"https:\/\/qualipro.vn\/index.php?rest_route=\/wp\/v2\/pages\/963\/revisions"}],"predecessor-version":[{"id":2366,"href":"https:\/\/qualipro.vn\/index.php?rest_route=\/wp\/v2\/pages\/963\/revisions\/2366"}],"wp:attachment":[{"href":"https:\/\/qualipro.vn\/index.php?rest_route=%2Fwp%2Fv2%2Fmedia&parent=963"}],"curies":[{"name":"wp","href":"https:\/\/api.w.org\/{rel}","templated":true}]}}