{"id":400,"date":"2023-03-06T08:35:53","date_gmt":"2023-03-06T08:35:53","guid":{"rendered":"http:\/\/localhost\/wordpress\/?page_id=400"},"modified":"2025-08-14T08:44:38","modified_gmt":"2025-08-14T08:44:38","slug":"company-overview","status":"publish","type":"page","link":"https:\/\/qualipro.vn\/?page_id=400&lang=en","title":{"rendered":"Company Overview"},"content":{"rendered":"\t\t<div data-elementor-type=\"wp-page\" data-elementor-id=\"400\" class=\"elementor elementor-400\">\n\t\t\t\t\t\t\t\t\t<section class=\"penci-section penci-disSticky penci-structure-20 elementor-section elementor-top-section elementor-element elementor-element-377a8e5 elementor-section-boxed elementor-section-height-default elementor-section-height-default\" data-id=\"377a8e5\" data-element_type=\"section\">\n\t\t\t\t\t\t<div class=\"elementor-container elementor-column-gap-default\">\n\t\t\t\t\t<div class=\"penci-ercol-50 penci-ercol-order-1 penci-sticky-ct    elementor-column elementor-col-50 elementor-top-column elementor-element elementor-element-b6ef384\" data-id=\"b6ef384\" data-element_type=\"column\">\n\t\t\t<div class=\"elementor-widget-wrap elementor-element-populated\">\n\t\t\t\t\t\t\t\t<div class=\"elementor-element elementor-element-0a3b159 elementor-widget elementor-widget-penci-text-block\" data-id=\"0a3b159\" data-element_type=\"widget\" data-widget_type=\"penci-text-block.default\">\n\t\t\t\t<div class=\"elementor-widget-container\">\n\t\t\t\t\t<div class=\"penci-block-vc penci-text-editor\">\r\n\t\t\t        <div class=\"penci-border-arrow penci-homepage-title penci-home-latest-posts style-9 pcalign-left pciconp-right pcicon-right block-title-icon-left\">\r\n            <h3 class=\"inner-arrow\">\r\n                <span>\r\n                    <span>Company Overview<\/a>                <\/span>\r\n            <\/h3>\r\n\t\t\t        <\/div>\r\n\t\t\t\t\t<div class=\"penci-block_content\">\r\n\t\t\t\t<div class=\"elementor-text-editor elementor-clearfix\"><p style=\"line-height: inherit; text-align: start; font-family: Roboto, sans-serif; color: #7a7a7a;\"><strong>F<\/strong>ounded in September 2004 in Hanoi by a team of professionals who had\u00a0experienced working and managing in various international\u00a0construction and business projects,\u00a0for many multinational and local firms, QualiPro\u2019s vision is to become a flagship building contractor in Vietnam, and meanwhile a reliable partner in business, nationwide and abroad.<\/p>\n<p style=\"line-height: inherit; text-align: start; font-family: Roboto, sans-serif; color: #7a7a7a;\"><strong style=\"box-sizing: border-box; outline: none; margin: 0px; padding: 0px; font-style: normal; font-weight: bold;\">O<\/strong>ur mission is to provide quality services conforming to international standards in construction and business projects<\/p><\/div>\r\n\t\t\t<\/div>\r\n\t\t<\/div>\r\n\t\t\t\t<\/div>\n\t\t\t\t<\/div>\n\t\t\t\t\t<\/div>\n\t\t<\/div>\n\t\t\t\t<div class=\"penci-ercol-50 penci-ercol-order-2 penci-sticky-ct    elementor-column elementor-col-50 elementor-top-column elementor-element elementor-element-528655e\" data-id=\"528655e\" data-element_type=\"column\">\n\t\t\t<div class=\"elementor-widget-wrap elementor-element-populated\">\n\t\t\t\t\t\t\t\t<div class=\"elementor-element elementor-element-0a6b94e elementor-widget elementor-widget-image\" data-id=\"0a6b94e\" data-element_type=\"widget\" data-widget_type=\"image.default\">\n\t\t\t\t<div class=\"elementor-widget-container\">\n\t\t\t<style>\/*! elementor - v3.11.2 - 22-02-2023 *\/\n.elementor-widget-image{text-align:center}.elementor-widget-image a{display:inline-block}.elementor-widget-image a img[src$=\".svg\"]{width:48px}.elementor-widget-image img{vertical-align:middle;display:inline-block}<\/style>\t\t\t\t\t\t\t\t\t\t\t\t<img decoding=\"async\" width=\"1024\" height=\"576\" src=\"https:\/\/qualipro.vn\/wp-content\/uploads\/2023\/03\/anhtapthe-1024x576.jpeg\" class=\"attachment-large size-large wp-image-337\" alt=\"\" srcset=\"https:\/\/qualipro.vn\/wp-content\/uploads\/2023\/03\/anhtapthe-1024x576.jpeg 1024w, https:\/\/qualipro.vn\/wp-content\/uploads\/2023\/03\/anhtapthe-300x169.jpeg 300w, https:\/\/qualipro.vn\/wp-content\/uploads\/2023\/03\/anhtapthe-768x432.jpeg 768w, https:\/\/qualipro.vn\/wp-content\/uploads\/2023\/03\/anhtapthe-1170x658.jpeg 1170w, https:\/\/qualipro.vn\/wp-content\/uploads\/2023\/03\/anhtapthe-585x329.jpeg 585w, https:\/\/qualipro.vn\/wp-content\/uploads\/2023\/03\/anhtapthe.jpeg 1280w\" sizes=\"(max-width: 1024px) 100vw, 1024px\" \/>\t\t\t\t\t\t\t\t\t\t\t\t\t\t\t<\/div>\n\t\t\t\t<\/div>\n\t\t\t\t\t<\/div>\n\t\t<\/div>\n\t\t\t\t\t\t\t<\/div>\n\t\t<\/section>\n\t\t\t\t<section class=\"penci-section penci-disSticky penci-structure-10 elementor-section elementor-top-section elementor-element elementor-element-d0c499f elementor-section-boxed elementor-section-height-default elementor-section-height-default\" data-id=\"d0c499f\" data-element_type=\"section\" id=\"corevalue\">\n\t\t\t\t\t\t<div class=\"elementor-container elementor-column-gap-default\">\n\t\t\t\t\t<div class=\"penci-ercol-100 penci-ercol-order-1 penci-sticky-ct    elementor-column elementor-col-100 elementor-top-column elementor-element elementor-element-4474f9f\" data-id=\"4474f9f\" data-element_type=\"column\">\n\t\t\t<div class=\"elementor-widget-wrap elementor-element-populated\">\n\t\t\t\t\t\t\t\t<div class=\"elementor-element elementor-element-4307109 elementor-widget elementor-widget-penci-text-block\" data-id=\"4307109\" data-element_type=\"widget\" data-widget_type=\"penci-text-block.default\">\n\t\t\t\t<div class=\"elementor-widget-container\">\n\t\t\t\t\t<div class=\"penci-block-vc penci-text-editor\">\r\n\t\t\t        <div class=\"penci-border-arrow penci-homepage-title penci-home-latest-posts style-9 pcalign-left pciconp-right pcicon-right block-title-icon-left\">\r\n            <h3 class=\"inner-arrow\">\r\n                <span>\r\n                    <span>OUR CORE VALUE<\/a>                <\/span>\r\n            <\/h3>\r\n\t\t\t        <\/div>\r\n\t\t\t\t\t<div class=\"penci-block_content\">\r\n\t\t\t\t<div class=\"elementor-text-editor elementor-clearfix\"><p><strong>Quality of our personnel<\/strong><\/p><p>Most members of our board of management have more than 20 years of work experience, and all are graduates from the best universities in Vietnam. Some of them even pursued higher education overseas under prestigious scholarships in the U.S., U.K., Japan and Thailand. We possess good level of English, which clients do not often find in other Vietnamese construction companies.<\/p><p>The rest of our management and technical staff also attain at least bachelor education, with\u00a0many\u00a0years of work experience.<\/p><p>Combined with in-depth understanding of local context, our experience working with international partners in various projects brings about the difference to our projects.<\/p><p><strong>Quality of our system<\/strong><\/p><p>We maintain a quality management system\u00a0certified as\u00a0conforming to\u00a0ISO-9001:2015.We work in accordance with standards and norms established by international organizations, such as ISO (International Organization for Standardization), FIDIC (International Federation of Consulting Engineers), and PMI (Project Management Institute).<\/p><p><b>Professional<\/b><\/p><p>Our professionalism has been built on working and strong connection with our international clients, partners and colleagues. QualiPro itself, and many of our employees are members of international\u00a0and\u00a0professional societies, such as USGBC (US Green Building Council), FIDIC, PMI, ASEAN Engineer Register, etc..<\/p><\/div>\r\n\t\t\t<\/div>\r\n\t\t<\/div>\r\n\t\t\t\t<\/div>\n\t\t\t\t<\/div>\n\t\t\t\t\t<\/div>\n\t\t<\/div>\n\t\t\t\t\t\t\t<\/div>\n\t\t<\/section>\n\t\t\t\t<section class=\"penci-section penci-disSticky penci-structure-10 elementor-section elementor-top-section elementor-element elementor-element-01a4706 elementor-section-boxed elementor-section-height-default elementor-section-height-default\" data-id=\"01a4706\" data-element_type=\"section\">\n\t\t\t\t\t\t<div class=\"elementor-container elementor-column-gap-default\">\n\t\t\t\t\t<div class=\"penci-ercol-100 penci-ercol-order-1 penci-sticky-ct    elementor-column elementor-col-100 elementor-top-column elementor-element elementor-element-d1b8a7b\" data-id=\"d1b8a7b\" data-element_type=\"column\">\n\t\t\t<div class=\"elementor-widget-wrap elementor-element-populated\">\n\t\t\t\t\t\t\t\t<div class=\"elementor-element elementor-element-e2f8973 elementor-widget elementor-widget-penci-team-member\" data-id=\"e2f8973\" data-element_type=\"widget\" id=\"nhansu\" data-widget_type=\"penci-team-member.default\">\n\t\t\t\t<div class=\"elementor-widget-container\">\n\t\t\t        <div class=\"penci-block-vc penci-teammb-bsc penci-teammb-s1 pencisc-grid-3 pencisc-grid-tablet-2 pencisc-grid-mobile-1 pcsc-shape-default pcsc-st-default\">\r\n\t\t\t        <div class=\"penci-border-arrow penci-homepage-title penci-home-latest-posts style-9 pcalign-left pciconp-right pcicon-right block-title-icon-left\">\r\n            <h3 class=\"inner-arrow\">\r\n                <span>\r\n                    <span>OUR MANAGEMENT BOARD<\/a>                <\/span>\r\n            <\/h3>\r\n\t\t\t        <\/div>\r\n\t\t            <div class=\"penci-block_content pencisc-grid\">\r\n\t\t\t\t                    <div class=\"penci-teammb-item pencisc-grid-item\">\r\n                        <div class=\"penci-teammb-inner\">\r\n\t\t\t\t\t\t\t<span class=\"penci-image-holder penci-teammb-img penci-lazy\" data-bgset=\"https:\/\/qualipro.vn\/wp-content\/uploads\/2023\/03\/PhotoHung-585x827.jpg\"><\/span>                            <div class=\"penci-team_item__info\">\r\n\t\t\t\t\t\t\t\t\t\t\t\t\t\t\t\t                                    <h5 class=\"penci-team_member_name\">Nguy\u1ec5n Th\u01b0\u1ee3ng Ho\u00e0ng H\u01b0ng<\/h5>\r\n\t\t\t\t\t\t\t\t\t\t\t\t\t\t\t\t                                    <div class=\"penci-team_member_pos\">Chairman<\/div>\r\n\t\t\t\t\t\t\t\t\t\t\t\t\t\t\t\t                                    <div class=\"penci-team_member_desc\">M.Sc. in Project Management (The George Washington University, U.S.A., 2008-2010).\n<br\/>B.S. in Civil Engineering (Hanoi University of Civil Engineering, 1991-1996)\n\n<br\/>Member of professional societies: VECAS, FIDIC, PMI, ASEAN Engineer.\n<br\/>\nEmail: hungnth@qualipro.vn<\/div>\r\n\t\t\t\t\t\t\t\t                                <div class=\"penci-team_member_socails penci-social-wrap\">\r\n\t\t\t\t\t\t\t\t\t\t\t\t\t\t\t\t\t\t\t\t\t\t\t\t\t\t\t\r\n\t\t\t\t\t\t\t\t\t\t\t\t\t\t\t\t\t\t\t\t\t\t\t\t\t\t\t\t\t\t\t\t\t\t\t\t\t\t\t\t\t\t\t\t\t\t\t\t\t\t\t\t\t\t                                <\/div>\r\n                            <\/div>\r\n                        <\/div>\r\n                    <\/div>\r\n\t\t\t\t\t                    <div class=\"penci-teammb-item pencisc-grid-item\">\r\n                        <div class=\"penci-teammb-inner\">\r\n\t\t\t\t\t\t\t<span class=\"penci-image-holder penci-teammb-img penci-lazy\" data-bgset=\"https:\/\/qualipro.vn\/wp-content\/uploads\/2023\/03\/PhotoLuc-585x827.jpg\"><\/span>                            <div class=\"penci-team_item__info\">\r\n\t\t\t\t\t\t\t\t\t\t\t\t\t\t\t\t                                    <h5 class=\"penci-team_member_name\">Mr. L\u00ea Ch\u00ed L\u1ef1c<\/h5>\r\n\t\t\t\t\t\t\t\t\t\t\t\t\t\t\t\t                                    <div class=\"penci-team_member_pos\">General Director<\/div>\r\n\t\t\t\t\t\t\t\t\t\t\t\t\t\t\t\t                                    <div class=\"penci-team_member_desc\">MBA (Hanoi National University & California Miramar University, 2009-2011).\n<br\/>\nB.S. in Civil Engineering (Hanoi University of Civil Engineering, 1996-2001).\n<br\/>\nMember of professional societies: VECAS, FIDIC.\n<br\/>\nEmail: luclc@qualipro.vn<\/div>\r\n\t\t\t\t\t\t\t\t                                <div class=\"penci-team_member_socails penci-social-wrap\">\r\n\t\t\t\t\t\t\t\t\t\t\t\t\t\t\t\t\t\t\t\t\t\t\t\t\t\t\t\r\n\t\t\t\t\t\t\t\t\t\t\t\t\t\t\t\t\t\t\t\t\t\t\t\t\t\t\t\t\t\t\t\t\t\t\t\t\t\t\t\t\t\t\t\t\t\t\t\t\t\t\t\t\t\t                                <\/div>\r\n                            <\/div>\r\n                        <\/div>\r\n                    <\/div>\r\n\t\t\t\t\t                    <div class=\"penci-teammb-item pencisc-grid-item\">\r\n                        <div class=\"penci-teammb-inner\">\r\n\t\t\t\t\t\t\t<span class=\"penci-image-holder penci-teammb-img penci-lazy\" data-bgset=\"https:\/\/qualipro.vn\/wp-content\/uploads\/2023\/03\/Ha-585x827.jpg\"><\/span>                            <div class=\"penci-team_item__info\">\r\n\t\t\t\t\t\t\t\t\t\t\t\t\t\t\t\t                                    <h5 class=\"penci-team_member_name\">Ms. Nguy\u1ec5n Th\u1ecb Ph\u01b0\u01a1ng H\u00e0<\/h5>\r\n\t\t\t\t\t\t\t\t\t\t\t\t\t\t\t\t                                    <div class=\"penci-team_member_pos\">Director of Back Office<\/div>\r\n\t\t\t\t\t\t\t\t\t\t\t\t\t\t\t\t                                    <div class=\"penci-team_member_desc\">B.S. in Logistics business (Foreigh Trade University)\n<br\/>\nEmail: hantp@qualipro.vn<\/div>\r\n\t\t\t\t\t\t\t\t                                <div class=\"penci-team_member_socails penci-social-wrap\">\r\n\t\t\t\t\t\t\t\t\t\t\t\t\t\t\t\t\t\t\t\t\t\t\t\t\t\t\t\r\n\t\t\t\t\t\t\t\t\t\t\t\t\t\t\t\t\t\t\t\t\t\t\t\t\t\t\t\t\t\t\t\t\t\t\t\t\t\t\t\t\t\t\t\t\t\t\t\t\t\t\t\t\t\t                                <\/div>\r\n                            <\/div>\r\n                        <\/div>\r\n                    <\/div>\r\n\t\t\t\t\t                    <div class=\"penci-teammb-item pencisc-grid-item\">\r\n                        <div class=\"penci-teammb-inner\">\r\n\t\t\t\t\t\t\t<span class=\"penci-image-holder penci-teammb-img penci-lazy\" data-bgset=\"https:\/\/qualipro.vn\/wp-content\/uploads\/2024\/03\/Asset-2@2x.png\"><\/span>                            <div class=\"penci-team_item__info\">\r\n\t\t\t\t\t\t\t\t\t\t\t\t\t\t\t\t                                    <h5 class=\"penci-team_member_name\">Mr. V\u0169 Ch\u00ed Ki\u00ean <\/h5>\r\n\t\t\t\t\t\t\t\t\t\t\t\t\t\t\t\t                                    <div class=\"penci-team_member_pos\">Board Member<\/div>\r\n\t\t\t\t\t\t\t\t\t\t\t\t\t\t\t\t                                    <div class=\"penci-team_member_desc\">B.S. in Survey Engineering (Hanoi University of Mining and Geology, 1983-1988).\n<br\/>\nMember of Asean Engineers\n<br\/>\nEmail: kienvc@qualipro.vn<\/div>\r\n\t\t\t\t\t\t\t\t                                <div class=\"penci-team_member_socails penci-social-wrap\">\r\n\t\t\t\t\t\t\t\t\t\t\t\t\t\t\t\t\t\t\t\t\t\t\t\t\t\t\t\r\n\t\t\t\t\t\t\t\t\t\t\t\t\t\t\t\t\t\t\t\t\t\t\t\t\t\t\t\t\t\t\t\t\t\t\t\t\t\t\t\t\t\t\t\t\t\t\t\t\t\t\t\t\t\t                                <\/div>\r\n                            <\/div>\r\n                        <\/div>\r\n                    <\/div>\r\n\t\t\t\t\t                    <div class=\"penci-teammb-item pencisc-grid-item\">\r\n                        <div class=\"penci-teammb-inner\">\r\n\t\t\t\t\t\t\t<span class=\"penci-image-holder penci-teammb-img penci-lazy\" data-bgset=\"https:\/\/qualipro.vn\/wp-content\/uploads\/2023\/03\/Khoa-585x827.jpg\"><\/span>                            <div class=\"penci-team_item__info\">\r\n\t\t\t\t\t\t\t\t\t\t\t\t\t\t\t\t                                    <h5 class=\"penci-team_member_name\">Mr. L\u00ea Ng\u1ecdc Khoa <\/h5>\r\n\t\t\t\t\t\t\t\t\t\t\t\t\t\t\t\t                                    <div class=\"penci-team_member_pos\">Director of Construction<\/div>\r\n\t\t\t\t\t\t\t\t\t\t\t\t\t\t\t\t                                    <div class=\"penci-team_member_desc\">B.S. in Civil Engineering (Hanoi University of Civil Engineering, 1997-2002).\n<br\/>\nEmail: khoaln@qualipro.vn<\/div>\r\n\t\t\t\t\t\t\t\t                                <div class=\"penci-team_member_socails penci-social-wrap\">\r\n\t\t\t\t\t\t\t\t\t\t\t\t\t\t\t\t\t\t\t\t\t\t\t\t\t\t\t\r\n\t\t\t\t\t\t\t\t\t\t\t\t\t\t\t\t\t\t\t\t\t\t\t\t\t\t\t\t\t\t\t\t\t\t\t\t\t\t\t\t\t\t\t\t\t\t\t\t\t\t\t\t\t\t                                <\/div>\r\n                            <\/div>\r\n                        <\/div>\r\n                    <\/div>\r\n\t\t\t\t\t                    <div class=\"penci-teammb-item pencisc-grid-item\">\r\n                        <div class=\"penci-teammb-inner\">\r\n\t\t\t\t\t\t\t<span class=\"penci-image-holder penci-teammb-img penci-lazy\" data-bgset=\"https:\/\/qualipro.vn\/wp-content\/uploads\/2023\/03\/nam-585x827.jpg\"><\/span>                            <div class=\"penci-team_item__info\">\r\n\t\t\t\t\t\t\t\t\t\t\t\t\t\t\t\t                                    <h5 class=\"penci-team_member_name\">Mr. B\u00f9i Thanh Nam <\/h5>\r\n\t\t\t\t\t\t\t\t\t\t\t\t\t\t\t\t                                    <div class=\"penci-team_member_pos\">Vice Director of Construction<\/div>\r\n\t\t\t\t\t\t\t\t\t\t\t\t\t\t\t\t                                    <div class=\"penci-team_member_desc\">M.Sc. in Infrastructure Engineering (University of Transport and Communications).\n<br\/>\nB.S. in civil engineering (University of Transport and Communications)\n<br\/>\nEmail: nambt@qualipro.vn<\/div>\r\n\t\t\t\t\t\t\t\t                                <div class=\"penci-team_member_socails penci-social-wrap\">\r\n\t\t\t\t\t\t\t\t\t\t\t\t\t\t\t\t\t\t\t\t\t\t\t\t\t\t\t\r\n\t\t\t\t\t\t\t\t\t\t\t\t\t\t\t\t\t\t\t\t\t\t\t\t\t\t\t\t\t\t\t\t\t\t\t\t\t\t\t\t\t\t\t\t\t\t\t\t\t\t\t\t\t\t                                <\/div>\r\n                            <\/div>\r\n                        <\/div>\r\n                    <\/div>\r\n\t\t\t\t\t            <\/div>\r\n        <\/div>\r\n\t\t\t\t<\/div>\n\t\t\t\t<\/div>\n\t\t\t\t\t<\/div>\n\t\t<\/div>\n\t\t\t\t\t\t\t<\/div>\n\t\t<\/section>\n\t\t\t\t\t\t\t<\/div>\n\t\t","protected":false},"excerpt":{"rendered":"<p>Company Overview Founded in September 2004 in Hanoi by a team of professionals who had\u00a0experienced working and managing in various international\u00a0construction and business projects,\u00a0for many multinational and local firms, QualiPro\u2019s&hellip;<\/p>\n","protected":false},"author":1,"featured_media":0,"parent":0,"menu_order":0,"comment_status":"closed","ping_status":"closed","template":"","meta":{"footnotes":""},"class_list":["post-400","page","type-page","status-publish","hentry"],"lang":"en","translations":{"vi":963,"en":400},"pll_sync_post":[],"_links":{"self":[{"href":"https:\/\/qualipro.vn\/index.php?rest_route=\/wp\/v2\/pages\/400","targetHints":{"allow":["GET"]}}],"collection":[{"href":"https:\/\/qualipro.vn\/index.php?rest_route=\/wp\/v2\/pages"}],"about":[{"href":"https:\/\/qualipro.vn\/index.php?rest_route=\/wp\/v2\/types\/page"}],"author":[{"embeddable":true,"href":"https:\/\/qualipro.vn\/index.php?rest_route=\/wp\/v2\/users\/1"}],"replies":[{"embeddable":true,"href":"https:\/\/qualipro.vn\/index.php?rest_route=%2Fwp%2Fv2%2Fcomments&post=400"}],"version-history":[{"count":30,"href":"https:\/\/qualipro.vn\/index.php?rest_route=\/wp\/v2\/pages\/400\/revisions"}],"predecessor-version":[{"id":2480,"href":"https:\/\/qualipro.vn\/index.php?rest_route=\/wp\/v2\/pages\/400\/revisions\/2480"}],"wp:attachment":[{"href":"https:\/\/qualipro.vn\/index.php?rest_route=%2Fwp%2Fv2%2Fmedia&parent=400"}],"curies":[{"name":"wp","href":"https:\/\/api.w.org\/{rel}","templated":true}]}}